{"id":12,"date":"2014-09-07T21:39:08","date_gmt":"2014-09-07T19:39:08","guid":{"rendered":"https:\/\/peterstaler-narrenzunft.de\/?page_id=12"},"modified":"2015-09-13T17:05:26","modified_gmt":"2015-09-13T16:05:26","slug":"gruppen","status":"publish","type":"page","link":"https:\/\/www.peterstaler-narrenzunft.de\/?page_id=12","title":{"rendered":"Gruppen"},"content":{"rendered":"<div class=\"section-full-width section-light2\" style=\"background-color:#ffffff;\" id=\"peterstalerhexenev\"><div class=\"section-boxed\" style=\"color:#777777;\"><h2 class=\"section-title\" style=\"color:#252525;\">Peterstaler Hexen e.V.<\/h2><div class=\"testimonial-slider\" ><div class=\"testimonial-container no-image\"><div class=\"testimonial-wrapper\"><div class=\"testimonial-info\"><div class=\"testimonials-details\"><h2>Vorstand<\/h2><span> \/ <a href=\"mailto:hexenmeister@peterstalerhexen.de\">E-Mail<\/a><\/span><\/div><\/div><blockquote><p>Janina Maier, Anne-Sophie Maier und David Korneli<\/p><\/blockquote><\/div><\/div><div class=\"testimonial-container no-image\"><div class=\"testimonial-wrapper\"><div class=\"testimonial-info\"><div class=\"testimonials-details\"><h2>Schriftf\u00fchrer<\/h2><span> \/ <a href=\"mailto:schreiberling@peterstalerhexen.de\">E-Mail<\/a><\/span><\/div><\/div><blockquote><p>Tobias Doll<\/p><\/blockquote><\/div><\/div><\/div>\n<\/div><\/div>\n<div class=\"nivo-content\"><div class=\"nivo-wrapper\"><div class=\"nivo-slider\" id=\"nivo-slider-121\" style=\"min-height:450px;\"><img decoding=\"async\" src=\"https:\/\/peterstaler-narrenzunft.de\/wp-content\/uploads\/2014\/11\/2014-11-01_NZ_Fade-Slider-02_Hexen_jd.jpg\" title=\"\" \/><img decoding=\"async\" src=\"https:\/\/www.peterstaler-narrenzunft.de\/wp-content\/uploads\/2025\/12\/Gruppenbild-Hexen.jpg\" title=\"\" \/><img decoding=\"async\" src=\"https:\/\/peterstaler-narrenzunft.de\/wp-content\/uploads\/2014\/11\/2010_Umzug_Peterstaler-Narrenzunft_003.jpg\" title=\"\" \/><img decoding=\"async\" src=\"https:\/\/peterstaler-narrenzunft.de\/wp-content\/uploads\/2014\/11\/2009_Umzug_Peterstaler-Narrenzunft_011.jpg\" title=\"\" \/><img decoding=\"async\" src=\"https:\/\/peterstaler-narrenzunft.de\/wp-content\/uploads\/2014\/11\/2008_Eroeffnung_Peterstaler-Narrenzunft_004.jpg\" title=\"\" \/><img decoding=\"async\" src=\"https:\/\/peterstaler-narrenzunft.de\/wp-content\/uploads\/2014\/11\/2006_Umzug_Peterstaler-Narrenzunft_008.jpg\" title=\"\" \/><\/div><\/div><\/div>\n<h4>Sage der Hexen:<\/h4>\n<div>\n<p><a class=\"lightbox-image\" title=\"Peterstaler Hexen\" href=\"https:\/\/peterstaler-narrenzunft.de\/wp-content\/uploads\/2014\/10\/Peterstaler_Hexen_452x650px.jpg\" data-rel=\"lightbox\"><img decoding=\"async\" class=\"img-frame alignright\" src=\"https:\/\/peterstaler-narrenzunft.de\/wp-content\/uploads\/2014\/10\/Peterstaler_Hexen_452x650px.jpg\" alt=\"\" width=\"350\" \/><\/a>Ausgangspunkt war der Stammtisch im Gasthaus Deutscher Kaiser. Aus Geldmangel wurde die heimische Tracht als H\u00e4s verwendet. Die Maske wurde aus Pappe angefertigt. 1957 wurde ein einheitliches H\u00e4s eingef\u00fchrt. Hexenmeister Franz Kimmig f\u00fchrte 1965 die Holzmasken ein. Gegen\u00fcber den \u00fcblichen Hexenmasken zeichnet sich diese durch freundliche Gesichtsz\u00fcge mit einer flachen Nase aus. Seitlich befinden sich 2 Bastz\u00f6pfe. Das Hexentuch ist rot mit wei\u00dfen Tupfen und wird unterhalb der Maske zusammengebunden<\/p>\n<div>\n<p>Im Zuge der Entwicklung wurde mit Einf\u00fchrung der Holzmaske das H\u00e4s der historischen Tracht angepasst. Die Grundfarbe des Tschobe ist schwarz und mit farbigen Stickereien versehen. Das Halstuch und die Sch\u00fcrze sind in gr\u00fcn gehalten. Unter dem weinroten Rock befindet sich die obligatorische wei\u00dfe Unterhose mit abgesetzten Spitzen. Strohschuhe und rot-wei\u00df-geringelte Socken runden das Gesamtbild ab. Als Utensilie f\u00fchren die Hexen einen Hexenbesen mit sich. Bei den Umz\u00fcgen wird ein Wagen mitgef\u00fchrt.<\/p>\n<p>Die Hexen waren in den Anfangsjahren ein reiner M\u00e4nnerverein. Erst ende der sechziger Jahre wurden Frauen aufgenommen.<\/p>\n<p>&nbsp;<\/p>\n<p>&nbsp;<\/p>\n<p>&nbsp;<\/p>\n<p>&nbsp;<\/p>\n<p>&nbsp;<\/p>\n<p>&nbsp;<\/p>\n<p>&nbsp;<\/p>\n<p>&nbsp;<\/p>\n<div class=\"section-full-width section-light2\" style=\"background-color:#ffffff;\" id=\"ilwedritschebadpeterstalev\"><div class=\"section-boxed\" style=\"color:#777777;\"><h2 class=\"section-title\" style=\"color:#252525;\">Ilwedritsche Bad Peterstal e.V.<\/h2><\/p>\n<div class=\"testimonial-slider\" ><div class=\"testimonial-container no-image\"><div class=\"testimonial-wrapper\"><div class=\"testimonial-info\"><div class=\"testimonials-details\"><h2>1. Vorstand<\/h2><span> \/ <a href=\"mailto:vorstand@ilwedritsche.de\">E-Mail<\/a><\/span><\/div><\/div><blockquote><p>Julian Zimmermann<\/p><\/blockquote><\/div><\/div><div class=\"testimonial-container no-image\"><div class=\"testimonial-wrapper\"><div class=\"testimonial-info\"><div class=\"testimonials-details\"><h2>2. Vorstand<\/h2><span> \/ <a href=\"mailto:2vorstand@ilwedritsche.de\">E-Mail<\/a><\/span><\/div><\/div><blockquote><p>Jonas Schmitt<\/p><\/blockquote><\/div><\/div><div class=\"testimonial-container no-image\"><div class=\"testimonial-wrapper\"><div class=\"testimonial-info\"><div class=\"testimonials-details\"><h2>Schriftf\u00fchrer<\/h2><span> \/ <a href=\"mailto:schriftfuehrer@ilwedritsche.de\">E-Mail<\/a><\/span><\/div><\/div><blockquote><p>Mirko Streck<\/p><\/blockquote><\/div><\/div><\/div>\n<p>\n<\/div><\/div>\n<div class=\"nivo-content\"><div class=\"nivo-wrapper\"><div class=\"nivo-slider\" id=\"nivo-slider-122\" style=\"min-height:450px;\"><img decoding=\"async\" src=\"https:\/\/peterstaler-narrenzunft.de\/wp-content\/uploads\/2014\/11\/2014-11-01_NZ_Fade-Slider-02_Ilwis_jd.jpg\" title=\"\" \/><img decoding=\"async\" src=\"https:\/\/www.peterstaler-narrenzunft.de\/wp-content\/uploads\/2025\/12\/Gruppenbild-Ilwis.jpg\" title=\"\" \/><img decoding=\"async\" src=\"https:\/\/peterstaler-narrenzunft.de\/wp-content\/uploads\/2014\/11\/2014_Umzug_Peterstaler-Narrenzunft_017.jpg\" title=\"\" \/><img decoding=\"async\" src=\"https:\/\/peterstaler-narrenzunft.de\/wp-content\/uploads\/2014\/11\/2011_Maskenball_Peterstaler-Narrenzunft_008.jpg\" title=\"\" \/><img decoding=\"async\" src=\"https:\/\/peterstaler-narrenzunft.de\/wp-content\/uploads\/2014\/11\/2006_Umzug_Peterstaler-Narrenzunft_005.jpg\" title=\"\" \/><img decoding=\"async\" src=\"https:\/\/peterstaler-narrenzunft.de\/wp-content\/uploads\/2014\/11\/2008_Umzug_Peterstaler-Narrenzunft_002.jpg\" title=\"\" \/><\/div><\/div><\/div>\n<h4>Sage der Ilwedritsche:<\/h4>\n<p><a class=\"lightbox-image\" title=\"Ilwedritsche Bad Peterstal\" href=\"https:\/\/peterstaler-narrenzunft.de\/wp-content\/uploads\/2014\/10\/Ilwedritsche_452x650px.jpg\" data-rel=\"lightbox\"><img decoding=\"async\" class=\"img-frame alignright\" src=\"https:\/\/peterstaler-narrenzunft.de\/wp-content\/uploads\/2014\/10\/Ilwedritsche_452x650px.jpg\" alt=\"\" width=\"350\" \/><\/a><\/p>\n<p>Die Einordnung der Ilwedritsche, oder auch \u201eNoctilucula alemannii\u201c in das zoologische System ist nicht ganz einfach. Die Wissenschaft deute sie sowohl als Kreuzung, wie auch als Mutation der Fauna. Ausgewachsene Tiere erreichten eine Rumpfl\u00e4nge von etwa 40cm. Das K\u00f6rperfell erinnert an bekannte heimische Tiere, z.B. Hase, Eichh\u00f6rnchen, Wiesel oder Marder, wobei es nie genau beschrieben wurde. Ilwedritsche kamen fr\u00fcher im gesamten s\u00fcddeutschen Raum vor. Im Offenburger Stadtwald soll bis 1911 eine Abart gelebt haben. Da Ilwedritsche ihren Bau nur nachts verlassen und ihre Spuren mit dem Pelz verwischen, sind sie selten und nur zuf\u00e4llig zu beobachten. Sie fangen sich haupts\u00e4chlich Bachpr\u00e4gel, in Notzeiten fressen sie auch Durnipsen, Dohlenmoos und Bachkresse. Die Brunftzeit tritt nur alle vier Jahre auf und zwar in den Schaltjahren. Deshalb war auch in fr\u00fcheren Jagdgesetzen der Abschuss nur jeweils am 29. Februar eines Schaltjahres zugelassen.<\/p>\n<p>Da man den Ilwedritsche nie richtig gesehen hat, wurde er mit einem Pelz ausgestattet. Die Farben reichen von schwarz-grau (z.B. Kopftuch) bis zu braun (z.B. K\u00f6rper-Pelz). Zudem wurde das H\u00e4s mit einem Seil ausgestattet, an dem verschieden gro\u00dfe Gussglocken angebracht wurden. Desweiteren hat jeder Ilwi einen in sich gedrehten Stock (wild gewachsen), gespickt mit kleinen Gl\u00f6ckchen. Die handgeschnitzte braune Holzmaske besteht aus einem markanten Gesicht, wobei die Knollennase, der leicht ge\u00f6ffnete Mund mit den dicken Lippen und einer Warze auf der linken Wange hervorsticht. Durch die streng eingeschnitzten Gesichtsz\u00fcge und die hervorgehobenen und geschwungenen Augenbrauen, wirkt das Gesicht angsteinfl\u00f6\u00dfend.<\/p>\n<p>Bei den Umz\u00fcgen wird ein Wagen mitgef\u00fchrt, auf dem das n\u00e4rrische Volk in ein Netz eingeh\u00fcllt wird.<\/p>\n<p>&nbsp;<\/p>\n<p>&nbsp;<\/p>\n<p>&nbsp;<\/p>\n<p>&nbsp;<\/p>\n<div class=\"section-full-width section-light2\" style=\"background-color:#ffffff;\" id=\"quellegeisterbadpeterstalev\"><div class=\"section-boxed\" style=\"color:#777777;\"><h2 class=\"section-title\" style=\"color:#252525;\">Quellegeister Bad Peterstal e.V.<\/h2><\/p>\n<div class=\"testimonial-slider\" ><div class=\"testimonial-container no-image\"><div class=\"testimonial-wrapper\"><div class=\"testimonial-info\"><div class=\"testimonials-details\"><h2>1. Vorstand<\/h2><span> \/ <a href=\"mailto:vorstand@quellegeister.de\">E-Mail<\/a><\/span><\/div><\/div><blockquote><p>Melina Kaufeisen<\/p><\/blockquote><\/div><\/div><div class=\"testimonial-container no-image\"><div class=\"testimonial-wrapper\"><div class=\"testimonial-info\"><div class=\"testimonials-details\"><h2>2. Vorstand<\/h2><span> \/ <a href=\"mailto:vorstand@quellegeister.de\">E-Mail<\/a><\/span><\/div><\/div><blockquote><p>Tobias Kirschke<\/p><\/blockquote><\/div><\/div><div class=\"testimonial-container no-image\"><div class=\"testimonial-wrapper\"><div class=\"testimonial-info\"><div class=\"testimonials-details\"><h2>Schriftf\u00fchrer<\/h2><span> \/ <a href=\"mailto:schriftfuehrer@quellegeister.de\">E-Mail<\/a><\/span><\/div><\/div><blockquote><p>Robin Maier<\/p><\/blockquote><\/div><\/div><\/div>\n<p>\n<\/div><\/div>\n<div class=\"nivo-content\"><div class=\"nivo-wrapper\"><div class=\"nivo-slider\" id=\"nivo-slider-123\" style=\"min-height:450px;\"><img decoding=\"async\" src=\"https:\/\/peterstaler-narrenzunft.de\/wp-content\/uploads\/2014\/11\/2014-11-01_NZ_Fade-Slider-02_Quellis_jd.jpg\" title=\"\" \/><img decoding=\"async\" src=\"https:\/\/www.peterstaler-narrenzunft.de\/wp-content\/uploads\/2025\/12\/Gruppenbild-Quellis.jpg\" title=\"\" \/><img decoding=\"async\" src=\"https:\/\/peterstaler-narrenzunft.de\/wp-content\/uploads\/2014\/11\/80er-Jahre_Peterstaler-Narrenzunft_044.jpg\" title=\"\" \/><img decoding=\"async\" src=\"https:\/\/peterstaler-narrenzunft.de\/wp-content\/uploads\/2014\/11\/80er-Jahre_Peterstaler-Narrenzunft_045.jpg\" title=\"\" \/><img decoding=\"async\" src=\"https:\/\/peterstaler-narrenzunft.de\/wp-content\/uploads\/2014\/11\/2012_Umzug_Peterstaler-Narrenzunft_013.jpg\" title=\"\" \/><img decoding=\"async\" src=\"https:\/\/peterstaler-narrenzunft.de\/wp-content\/uploads\/2014\/11\/2007_Umzug_Peterstaler-Narrenzunft_014.jpg\" title=\"\" \/><\/div><\/div><\/div>\n<h4><a class=\"lightbox-image\" title=\"Quellegeister Bad Peterstal\" href=\"https:\/\/peterstaler-narrenzunft.de\/wp-content\/uploads\/2014\/10\/Quellengeister_452x650px.jpg\" data-rel=\"lightbox\"><img decoding=\"async\" class=\"img-frame alignright\" src=\"https:\/\/peterstaler-narrenzunft.de\/wp-content\/uploads\/2014\/10\/Quellengeister_452x650px.jpg\" alt=\"\" width=\"350\" \/><\/a>Sage des Quellegeist:<\/h4>\n<p>Historisch gesehen werden zwar \u00fcberall Nixen und Wassergeister erw\u00e4hnt, doch ist leider nicht bekannt, ob diese auch im hinteren Renchtal gewirkt haben. Aufgrund der Tatsache, dass es in Bad Peterstal sehr viele Wasser,- sowie Mineralquellen gibt, lag es nahe, diese Quellen optisch an der Fasnacht darzustellen.<\/p>\n<p>Es wurde ein blaues H\u00e4s erstellt, das mit \u00fcberdurchschnittlich langen Sp\u00e4ttle so versehen ist,\u00a0 als w\u00fcrde sich gerade ein Quellegeist aus dem Wasser erheben. Diese blauen und wei\u00dfen Sp\u00e4ttle sind handgeschnitten und an den Enden ausgefranzt. Silberne gro\u00dfe und kleine Schellen sind auf dem ganzen H\u00e4s verteilt. Die blaue Holzmaske ist in Tropfenform gehalten damit der Wassercharakter des ganzen H\u00e4s besser zum Ausdruck kommt. Ein aus wei\u00dfer und blauer Wolle hergestellter Wedel komplettiert das H\u00e4s.<br \/>\n1989 wurde erstmals der Quelliwagen bei Umz\u00fcgen mitgef\u00fchrt. Hier handelt es sich um einen umgebauten VW-K\u00e4fer. Mit seiner aufgesetzten Badewanne (Quelle), ist wegen der winterlichen Jahreszeit der Fasent leider nur ein Konfetti-Bad m\u00f6glich.<br \/>\nDie Quellegeister erg\u00e4nzen die Fasnachtveranstaltungen der Narrenzunft durch eigene Veranstaltungen wie Hemdglunkerhock und Quellegeister-Ball.<\/p>\n<p>&nbsp;<\/p>\n<p>&nbsp;<\/p>\n<p>&nbsp;<\/p>\n<p>&nbsp;<\/p>\n<p>&nbsp;<\/p>\n<p>&nbsp;<\/p>\n<div class=\"section-full-width section-light2\" style=\"background-color:#ffffff;\" id=\"hagek\u00e4therlebadpeterstalev\"><div class=\"section-boxed\" style=\"color:#777777;\"><h2 class=\"section-title\" style=\"color:#252525;\">Hagek\u00e4therle Bad Peterstal e.V.<\/h2><div class=\"testimonial-slider\" ><div class=\"testimonial-container no-image\"><div class=\"testimonial-wrapper\"><div class=\"testimonial-info\"><div class=\"testimonials-details\"><h2>1. Vorstand<\/h2><span> \/ <a href=\"mailto:vorstand@hagekaetherle.de\">E-Mail<\/a><\/span><\/div><\/div><blockquote><p>Max Doll<\/p><\/blockquote><\/div><\/div><div class=\"testimonial-container no-image\"><div class=\"testimonial-wrapper\"><div class=\"testimonial-info\"><div class=\"testimonials-details\"><h2>2. Vorstand<\/h2><span> \/ <a href=\"mailto:vorstand@hagekaetherle.de\">E-Mail<\/a><\/span><\/div><\/div><blockquote><p>Patrick Maier<\/p><\/blockquote><\/div><\/div><div class=\"testimonial-container no-image\"><div class=\"testimonial-wrapper\"><div class=\"testimonial-info\"><div class=\"testimonials-details\"><h2>Schriftf\u00fchrer<\/h2><span> \/ <a href=\"mailto:schriftfuehrer@hagekaetherle.de\">E-Mail<\/a><\/span><\/div><\/div><blockquote><p>Jessica Spinner<\/p><\/blockquote><\/div><\/div><\/div>\n<\/div><\/div>\n<div class=\"nivo-content\"><div class=\"nivo-wrapper\"><div class=\"nivo-slider\" id=\"nivo-slider-124\" style=\"min-height:450px;\"><img decoding=\"async\" src=\"https:\/\/peterstaler-narrenzunft.de\/wp-content\/uploads\/2014\/11\/2014-11-01_NZ_Fade-Slider-02_Hagis_jd.jpg\" title=\"\" \/><img decoding=\"async\" src=\"https:\/\/www.peterstaler-narrenzunft.de\/wp-content\/uploads\/2025\/12\/Gruppenbild-Hagis.jpg\" title=\"\" \/><img decoding=\"async\" src=\"https:\/\/peterstaler-narrenzunft.de\/wp-content\/uploads\/2014\/11\/2009_Umzug_Peterstaler-Narrenzunft_012.jpg\" title=\"\" \/><img decoding=\"async\" src=\"https:\/\/peterstaler-narrenzunft.de\/wp-content\/uploads\/2014\/11\/2012_Eroeffnung_Peterstaler-Narrenzunft_017.jpg\" title=\"\" \/><img decoding=\"async\" src=\"https:\/\/peterstaler-narrenzunft.de\/wp-content\/uploads\/2014\/11\/2012_Eroeffnung_Peterstaler-Narrenzunft_016.jpg\" title=\"\" \/><img decoding=\"async\" src=\"https:\/\/peterstaler-narrenzunft.de\/wp-content\/uploads\/2014\/11\/2007_Umzug_Peterstaler-Narrenzunft_015.jpg\" title=\"\" \/><\/div><\/div><\/div>\n<h4><a class=\"lightbox-image\" title=\"Hagek\u00e4therle Bad Peterstal\" href=\"https:\/\/peterstaler-narrenzunft.de\/wp-content\/uploads\/2014\/10\/Hagekaetherle_452x650px.jpg\" data-rel=\"lightbox\"><img decoding=\"async\" class=\"img-frame alignright\" src=\"https:\/\/peterstaler-narrenzunft.de\/wp-content\/uploads\/2014\/10\/Hagekaetherle_452x650px.jpg\" alt=\"\" width=\"350\" \/><\/a>Sage des Hagek\u00e4therle:<\/h4>\n<p>Nicht weit vom Freiersberg, an der Pa\u00dfh\u00f6he der Stra\u00dfe zwischen Bad Peterstal und Schapbach, steht der Haghof. Dort erz\u00e4hlen sich die Leute allerhand vom Hagek\u00e4therle (K\u00e4therle von Katharina). Besonders werden jene Wanderer von ihm genarrt, die abends sp\u00e4t von Oberwolfach \u00fcber die Littweger H\u00f6he nach Bad Peterstal gehen. Sie werden in die Irre gef\u00fchrt, sie bekommen Ohrfeigen, wenn sie \u00fcber das Hagek\u00e4therle reden oder an seinem Dasein Zweifel \u00e4u\u00dfern. Das Hagek\u00e4therle sei auch schon an helllichtem Tage gesehen worden. Es hat ein w\u00fcstes Gesicht, tr\u00e4gt zerlumpte Kleider und einen zerrissenen Regenschirm, aber einen wundersch\u00f6nen Rosenhut. Am Wege holt es Gras und antwortet auf keine Frage. Und wer sich entfernt und nochmals zur\u00fcckblickt, sieht das Hagek\u00e4therle in einer Rauchwolke verschwinden.<br \/>\nDie Holzmaske zeigt ein w\u00fcstes Gesicht mit langer Nase, als Kopfbedeckung tr\u00e4gt das Hagek\u00e4therle einen wundersch\u00f6nen Rosenhut.<br \/>\nDer Rock ist in spitzen Zipfeln geschnitten mit Flickzeug versehen, dar\u00fcber tr\u00e4gt sie eine Bauernsch\u00fcrze. Der Tschobe wurde nach der Tracht geschnitten ebenso das Halstuch.<br \/>\nIn einem mitgef\u00fchrten Wagen werden die Narren in einem sich drehenden K\u00e4fig gesperrt.<\/p>\n<\/div>\n<\/div>\n","protected":false},"excerpt":{"rendered":"<p>Sage der Hexen: Ausgangspunkt war der Stammtisch im Gasthaus Deutscher Kaiser. Aus Geldmangel wurde die heimische Tracht als H\u00e4s verwendet. [&hellip;]<\/p>\n","protected":false},"author":1,"featured_media":0,"parent":0,"menu_order":0,"comment_status":"open","ping_status":"open","template":"","meta":{"footnotes":""},"class_list":["post-12","page","type-page","status-publish","hentry"],"_links":{"self":[{"href":"https:\/\/www.peterstaler-narrenzunft.de\/index.php?rest_route=\/wp\/v2\/pages\/12","targetHints":{"allow":["GET"]}}],"collection":[{"href":"https:\/\/www.peterstaler-narrenzunft.de\/index.php?rest_route=\/wp\/v2\/pages"}],"about":[{"href":"https:\/\/www.peterstaler-narrenzunft.de\/index.php?rest_route=\/wp\/v2\/types\/page"}],"author":[{"embeddable":true,"href":"https:\/\/www.peterstaler-narrenzunft.de\/index.php?rest_route=\/wp\/v2\/users\/1"}],"replies":[{"embeddable":true,"href":"https:\/\/www.peterstaler-narrenzunft.de\/index.php?rest_route=%2Fwp%2Fv2%2Fcomments&post=12"}],"version-history":[{"count":59,"href":"https:\/\/www.peterstaler-narrenzunft.de\/index.php?rest_route=\/wp\/v2\/pages\/12\/revisions"}],"predecessor-version":[{"id":1289,"href":"https:\/\/www.peterstaler-narrenzunft.de\/index.php?rest_route=\/wp\/v2\/pages\/12\/revisions\/1289"}],"wp:attachment":[{"href":"https:\/\/www.peterstaler-narrenzunft.de\/index.php?rest_route=%2Fwp%2Fv2%2Fmedia&parent=12"}],"curies":[{"name":"wp","href":"https:\/\/api.w.org\/{rel}","templated":true}]}}