{"id":14,"date":"2014-09-07T21:40:02","date_gmt":"2014-09-07T19:40:02","guid":{"rendered":"https:\/\/peterstaler-narrenzunft.de\/?page_id=14"},"modified":"2025-12-31T14:47:23","modified_gmt":"2025-12-31T13:47:23","slug":"uber-uns","status":"publish","type":"page","link":"https:\/\/www.peterstaler-narrenzunft.de\/?page_id=14","title":{"rendered":"\u00dcber uns"},"content":{"rendered":"<div class=\"section-full-width section-light2\" style=\"background-color:#ffffff;\" id=\"aktuellervorstand\"><div class=\"section-boxed\" style=\"color:#777777;\"><h2 class=\"section-title\" style=\"color:#252525;\">Aktueller Vorstand<\/h2><div class=\"services-wrapper services-default cols-wrapper cols-3 pexeto-parallax\"><div class=\"services-box col\"><a href=\"mailto:praesident@peterstaler-narrenzunft.de\"><div class=\"img-container\"><img decoding=\"async\" src=\"https:\/\/www.peterstaler-narrenzunft.de\/wp-content\/uploads\/2025\/12\/Praesident-Patrick-Springmann.jpg\" alt=\"Pr\u00e4sident\"\/><\/div><\/a><div class=\"services-content\"><div class=\"sc-wraper\"><h3><a href=\"mailto:praesident@peterstaler-narrenzunft.de\">Pr\u00e4sident<\/a><\/h3><p>Patrick Springmann<\/p><\/div><\/div><\/div><div class=\"services-box col\"><a href=\"mailto:praesident@peterstaler-narrenzunft.de\"><div class=\"img-container\"><img decoding=\"async\" src=\"https:\/\/www.peterstaler-narrenzunft.de\/wp-content\/uploads\/2025\/12\/Vizepraesident-Silas-Kirschke.jpg\" alt=\"Vizepr\u00e4sident\"\/><\/div><\/a><div class=\"services-content\"><div class=\"sc-wraper\"><h3><a href=\"mailto:praesident@peterstaler-narrenzunft.de\">Vizepr\u00e4sident<\/a><\/h3><p>Silas Kirschke<\/p><\/div><\/div><\/div><div class=\"services-box col nomargin\"><a href=\"mailto:zunftmeister@peterstaler-narrenzunft.de\"><div class=\"img-container\"><img decoding=\"async\" src=\"https:\/\/www.peterstaler-narrenzunft.de\/wp-content\/uploads\/2025\/12\/Zunftmeister-David-Keller.jpg\" alt=\"Zunftmeister\"\/><\/div><\/a><div class=\"services-content\"><div class=\"sc-wraper\"><h3><a href=\"mailto:zunftmeister@peterstaler-narrenzunft.de\">Zunftmeister<\/a><\/h3><p>David Keller<\/p><\/div><\/div><\/div><div class=\"clear\"><\/div><\/div>\n<\/div><\/div>\n<div class=\"section-full-width section-light-bg\" style=\"background-color:#ffffff;\" id=\"gliederungderzunft\"><div class=\"section-boxed\" style=\"color:#373737;\"><h2 class=\"section-title\" style=\"color:#252525;\">Gliederung der Zunft<\/h2><\/p>\n<ul class=\"bullet_arrow4 imglist\">\n<li>Mitglied im Ortenauer Narrenbund 1981 e.V. seit 2001<img decoding=\"async\" class=\"img-frame alignleft\" src=\"https:\/\/peterstaler-narrenzunft.de\/wp-content\/uploads\/2014\/09\/3869_Melanie-Klemens.jpg\" alt=\"\" width=\"300\" \/><\/li>\n<li>Pr\u00e4sident und Zunftmeister<\/li>\n<li>Elferrat und Narrenpolizist<\/li>\n<li>Zunft-, Juniorinnen-, Jugend- und Kinderballett<\/li>\n<li>4 H\u00e4sgruppen (Peterstaler Hexen, Ilwedritsche Bad Peterstal, Quellegeister Bad Peterstal, Hagek\u00e4therle Bad Peterstal)<\/li>\n<li>Musikkapelle (ist nicht in der NZ integriert, unterst\u00fctzen uns \u00fcber die komplette Fasent)<\/li>\n<li>Morgemuffelhuffe (Auftritt nur am Schmutzigen Donnerstag)<\/li>\n<\/ul>\n<p>\n<\/div><\/div>\n<div class=\"section-full-width section-light-bg\" style=\"background-color:#ffffff;\" id=\"gr\u00fcndung\"><div class=\"section-boxed\" style=\"color:#373737;\"><h2 class=\"section-title\" style=\"color:#252525;\">Gr\u00fcndung<\/h2><\/p>\n<div class=\"mceTemp\">\n<dl id=\"\" class=\"wp-caption alignleft\" style=\"width: 310px\">\n<dt class=\"wp-caption-dt\"><a title=\"Gr\u00fcndungsurkunde\" href=\"https:\/\/peterstaler-narrenzunft.de\/wp-content\/uploads\/2014\/12\/1960-03-01_Gr\u00fcndungsurkunde_Peterstaler-Narrenzunft.pdf\"><img loading=\"lazy\" decoding=\"async\" class=\"img-frame\" src=\"https:\/\/peterstaler-narrenzunft.de\/wp-content\/uploads\/2014\/09\/1960-03-01_Gr\u00fcndungsurkunde_Peterstaler-Narrenzunft.jpg\" alt=\"Gr\u00fcndungsurkunde\" width=\"300\" height=\"2339\" \/><\/a><\/dt>\n<dd class=\"wp-caption-dd\"><a title=\"Gr\u00fcndungsurkunde\" href=\"https:\/\/peterstaler-narrenzunft.de\/wp-content\/uploads\/2014\/12\/1960-03-01_Gr%C3%BCndungsurkunde_Peterstaler-Narrenzunft.pdf\">Gr\u00fcndungsurkunde<\/a><\/dd>\n<\/dl>\n<\/div>\n<p>Die erste belegbare Erw\u00e4hnung einer Fasentveranstaltung war am 24.02.1906. Dies historische, fastn\u00e4chtliche Ereignis wurde in der Zeitung \u201eDer Rencht\u00e4ler vom 24.02.1906 perfekt beschrieben und ver\u00f6ffentlicht. Hierbei handelte sich um ein \u201eFastnachtsspiel\u201c. Fr\u00fcher war es gute Sitte, an Fasent lustige Theaterst\u00fccke (Kom\u00f6dien \u2013 kommt von commedia de la arte) aufzuf\u00fchren, die oft recht derb und zotig waren, in denen es um die \u201emenschlichen Untugenden\u201c ging.<\/p>\n<p>Fasent gibt es erinnerlich schon seit 1936. Wohl bestand in den Anf\u00e4ngen keine Zunft oder Vereinigung, die die Fasent gelenkt haben. In dieser Zeit bestand die Fasnet nur aus drei Tagen. Fasent-Sonntag, Rosenmontag und Fasent-Dienstag.<\/p>\n<p>Ab 1952 wurde die Fasent organisiert, vorher war es mehr oder weniger eine Einmann-Show, von 1906 bis 1952 wurde am Fasentssonntag die fasentlichen Veranstaltungen vom MGV Frohsinn durchgef\u00fchrt.<\/p>\n<p>Ab dem Jahr 1952 \u00fcbernahm dies die Peterstaler Narrenzunft. Um Geld in die Hand zu bekommen f\u00fcr eine organisierte Fasent wurde am \u201e01.03.1960\u201c die Peterstaler Narrenzunft im Hotel Hirsch beim Saukopf-Essen schriftlich gegr\u00fcndet:<\/p>\n<p>Gr\u00fcndung der Peterstaler Narrenzunft am 01.03.1960 im Hotel Hirsch beim \u201eSaukopf-Essen\u201c am Fasent-Dienstag. Nachstehend Unterzeichneten treten hiermit einer Vereinigung f\u00fcr Fasentgestaltung bei und verpflichten sich ein j\u00e4hrlichen Betrag von 5,00 DM zu bezahlen. Auftakt ist immer der 11. November und der Rechenschaftsbericht wird jeweils beim \u201eSaukopf-Essen\u201c gegeben. Gesch\u00e4ftsf\u00fchrer ist der \u201eElferrat mit dem jeweiligen \u201ePrinzen-Karneval\u201c. Adolf M\u00fcller \u201eZeremonienmeister\u201c und Franz Engelmaier \u201ePrinz-Karneval\u201c 1960. Damit hatte Bad Peterstal \u201eeine Narrenzunft\u201c, die es erm\u00f6glichte die Fasent in Bahnen zu lenken und noch mehr Freude zu schenken. Die Mitgliederzahlen wuchsen nun von Jahr zu Jahr und die Zunft hatte Gelder in der Hand, um Institutionen zu unterst\u00fctzen, die mithalfen unsere Fasent richtig zu gestalten.<\/p>\n<p>\n<\/div><\/div>\n<div class=\"section-full-width section-light-bg parallax-scroll\" style=\"background-color:#ffffff;\" id=\"h\u00e4sgruppen\"><div class=\"section-boxed\" style=\"color:#373737;\"><h2 class=\"section-title\" style=\"color:#252525;\">H\u00e4sgruppen<\/h2><div class=\"services-wrapper services-default cols-wrapper cols-4 pexeto-parallax\"><div class=\"services-box col\"><div class=\"img-container\"><img decoding=\"async\" src=\"https:\/\/peterstaler-narrenzunft.de\/wp-content\/uploads\/2014\/10\/Peterstaler_Hexen_452x650px.jpg\" alt=\"Peterstaler Hexen e.V.\"\/><\/div><div class=\"services-content\"><div class=\"sc-wraper\"><h3>Peterstaler Hexen e.V.<\/h3><p>Gr\u00fcndungsjahr: 1951    \r\nMitgliederanzahl: 163<\/p><\/div><\/div><\/div><div class=\"services-box col\"><div class=\"img-container\"><img decoding=\"async\" src=\"https:\/\/peterstaler-narrenzunft.de\/wp-content\/uploads\/2014\/10\/Ilwedritsche_452x650px.jpg\" alt=\"Ilwedritsche Bad Peterstal e.V.\"\/><\/div><div class=\"services-content\"><div class=\"sc-wraper\"><h3>Ilwedritsche Bad Peterstal e.V.<\/h3><p>Gr\u00fcndungsjahr: 1975\r\nMitgliederanzahl: 114<\/p><\/div><\/div><\/div><div class=\"services-box col\"><div class=\"img-container\"><img decoding=\"async\" src=\"https:\/\/peterstaler-narrenzunft.de\/wp-content\/uploads\/2014\/10\/Quellengeister_452x650px.jpg\" alt=\"Quellegeister Bad Peterstal e.V.\"\/><\/div><div class=\"services-content\"><div class=\"sc-wraper\"><h3>Quellegeister Bad Peterstal e.V.<\/h3><p>Gr\u00fcndungsjahr: 1985\r\nMitgliederanzahl: 48<\/p><\/div><\/div><\/div><div class=\"services-box col nomargin\"><div class=\"img-container\"><img decoding=\"async\" src=\"https:\/\/peterstaler-narrenzunft.de\/wp-content\/uploads\/2014\/10\/Hagekaetherle_452x650px.jpg\" alt=\"Hagek\u00e4therle Bad Peterstal e.V.\"\/><\/div><div class=\"services-content\"><div class=\"sc-wraper\"><h3>Hagek\u00e4therle Bad Peterstal e.V.<\/h3><p>Gr\u00fcndungsjahr: 1994    \r\nMitgliederanzahl: 86<\/p><\/div><\/div><\/div><div class=\"clear\"><\/div><\/div>\n<\/div><\/div>\n<div class=\"section-full-width section-light-bg\" style=\"background-color:#ffffff;\" id=\"pr\u00e4sidenten\"><div class=\"section-boxed\" style=\"color:#373737;\"><h2 class=\"section-title\" style=\"color:#252525;\">Pr\u00e4sidenten<\/h2><\/p>\n<div class=\"cols-wrapper cols-3\">\n<div class=\"col\"><img loading=\"lazy\" decoding=\"async\" class=\"img-frame \" src=\"https:\/\/www.peterstaler-narrenzunft.de\/wp-content\/uploads\/2023\/01\/Praesident-Patrick-1.jpg\" width=\"217\" height=\"315\" \/><\/div>\n<div class=\"col\">\n<p>Hubert Treyer<\/p>\n<p>Adolf M\u00fcller<\/p>\n<p>Guido Weidner<\/p>\n<p>Gerhard Speck<\/p>\n<p>Adolf M\u00fcller<\/p>\n<p>Manfred Huber<\/p>\n<p>G\u00fcnter Huber<\/p>\n<p>Heiner Keller<\/p>\n<p>Klemens Serrer<\/p>\n<p>Patrick Springmann<\/p>\n<\/div>\n<div class=\"col nomargin\">\n<p>1952 \u2013 1961<\/p>\n<p>1962 \u2013 1963<\/p>\n<p>1964<\/p>\n<p>1965<\/p>\n<p>1966 \u2013 1968<\/p>\n<p>1969 \u2013 1988<\/p>\n<p>1989 \u2013 1990<\/p>\n<p>1991 \u2013 2000<\/p>\n<p>2001 \u2013 2022<\/p>\n<p>2022 \u2013 heute<\/p>\n<\/div>\n<\/div>\n<p>\n<\/div><\/div>\n<div class=\"section-full-width section-light-bg\" style=\"background-color:#ffffff;\" id=\"zunftmeister\"><div class=\"section-boxed\" style=\"color:#373737;\"><h2 class=\"section-title\" style=\"color:#252525;\">Zunftmeister<\/h2><\/p>\n<div class=\"cols-wrapper cols-4\">\n<div class=\"col\">\n<div>\n<div><a class=\"lightbox-image\" title=\"Zunftmeister\" href=\"https:\/\/www.peterstaler-narrenzunft.de\/wp-content\/uploads\/2017\/07\/2017-Eroeffnung-2179.jpg\" data-rel=\"lightbox\"><img decoding=\"async\" class=\"img-frame \" src=\"https:\/\/www.peterstaler-narrenzunft.de\/wp-content\/uploads\/2017\/07\/2017-Eroeffnung-2179.jpg\" width=\"220\" \/><\/a><\/div>\n<\/div>\n<\/div>\n<div class=\"col\">\n<h3>Prinzen<\/h3>\n<p>Franz der Beste<\/p>\n<p>Lukas I u. II<\/p>\n<h3>Zunftmeister<\/h3>\n<p>Helmut der Richtige<\/p>\n<p>Ludwig vom Sonnenhof<\/p>\n<p>Ludwig der I<\/p>\n<p>Franz der Beste<\/p>\n<p>Volker der I<\/p>\n<p>Franz der Einzige<\/p>\n<p>Gerd der I<\/p>\n<p>Sepp der I<\/p>\n<p>Albert der I<\/p>\n<p>Sepp der I<\/p>\n<p>Albert der I<\/p>\n<p>G\u00fcnther der Blumige<\/p>\n<p>Albert der I<\/p>\n<p>G\u00fcnter der Sprudelnde<\/p>\n<p>Albert der I<\/p>\n<p>G\u00fcnther der Blumige<\/p>\n<p>Heiner der Haarige<\/p>\n<p>G\u00fcnther der Blumige<\/p>\n<p>Heiner der Haarige<\/p>\n<p>Michel der Quelli<\/p>\n<p>Fante der I<\/p>\n<p>G\u00fcnther der Blumige<\/p>\n<p>Michel der Quelli<\/p>\n<p>Birgit die I<\/p>\n<p>Achim der Beste<\/p>\n<p>R\u00fcdiger der K\u00fchne<\/p>\n<p>David der Barbier<\/p>\n<\/div>\n<div class=\"col\">\n<h3>Name<\/h3>\n<p>Prinz\u00a0 (Franz Engelmaier)<\/p>\n<p>Prinz (Lukas Bauknecht)<\/p>\n<h3>Name<\/h3>\n<p>(Helmut Richter)<\/p>\n<p>(Ludwig Wollbr\u00fcck)<\/p>\n<p>(Ludwig Wollbr\u00fcck)<\/p>\n<p>Ehrenprinz und Zunftmeister<\/p>\n<p>(Volker Frerking)<\/p>\n<p>(Franz Meder)<\/p>\n<p>(Gerd Speck)<\/p>\n<p>(Josef Wagner)<\/p>\n<p>(Albert Hoferer)<\/p>\n<p>(Josef Wagner)<\/p>\n<p>(Albert Hoferer)<\/p>\n<p>(G\u00fcnther Huber\/Kaspar)<\/p>\n<p>(Albert Hoferer)<\/p>\n<p>(G\u00fcnter Huber)<\/p>\n<p>(Albert Hoferer)<\/p>\n<p>(G\u00fcnther Huber\/Kaspar)<\/p>\n<p>(Heiner Keller)<\/p>\n<p>(G\u00fcnther Huber\/Kaspar)<\/p>\n<p>(Heiner Keller)<\/p>\n<p>(Michael Eggert)<\/p>\n<p>(Mario Fantoli)<\/p>\n<p>(G\u00fcnther Huber\/Kaspar)<\/p>\n<p>(Michael Eggert)<\/p>\n<p>(Birgit Zimmermann)<\/p>\n<p>(Achim Serrer)<\/p>\n<p>(R\u00fcdiger K\u00fchne)<\/p>\n<p>(David Keller)<\/p>\n<\/div>\n<div class=\"col nomargin\">\n<h3>Jahr<\/h3>\n<p>1952 &#8211; 1957<\/p>\n<p>1958 &#8211; 1959<\/p>\n<h3>Jahr<\/h3>\n<p>1960<\/p>\n<p>1961<\/p>\n<p>1962 &#8211; 1963<\/p>\n<p>1964<\/p>\n<p>1965<\/p>\n<p>1966 &#8211; 1968<\/p>\n<p>1969<\/p>\n<p>1970 &#8211; 1974<\/p>\n<p>1975<\/p>\n<p>1976 &#8211; 1977<\/p>\n<p>1978<\/p>\n<p>1979 &#8211; 1980<\/p>\n<p>1981<\/p>\n<p>1982<\/p>\n<p>1983<\/p>\n<p>1984<\/p>\n<p>1985 &#8211; 1986<\/p>\n<p>1987<\/p>\n<p>1988<\/p>\n<p>1989 &#8211; 1990<\/p>\n<p>1991 &#8211; 1994<\/p>\n<p>1995 &#8211; 1996<\/p>\n<p>1997<\/p>\n<p>1998 &#8211; 1999<\/p>\n<p>2000 &#8211; 2015<\/p>\n<p>2016 &#8211; 2019<\/p>\n<p>2020 &#8211; heute<\/p>\n<\/div>\n<\/div>\n<p>\n<\/div><\/div>\n<div class=\"section-full-width section-light-bg\" style=\"background-color:#ffffff;\" id=\"narrenpolizisten\"><div class=\"section-boxed\" style=\"color:#373737;\"><h2 class=\"section-title\" style=\"color:#252525;\">Narrenpolizisten<\/h2><\/p>\n<div class=\"cols-wrapper cols-3\">\n<div class=\"col\">\n<p>\u00a0<img decoding=\"async\" class=\"img-frame \" src=\"https:\/\/peterstaler-narrenzunft.de\/wp-content\/uploads\/2014\/11\/2014_Umzug_Peterstaler-Narrenzunft_001.jpg\" alt=\"\" width=\"220\" \/><\/p>\n<\/div>\n<div class=\"col\">\n<p>Leopold Zimmermann<\/p>\n<p>Franz Kimmig<\/p>\n<p>Gebhard Bitsch<\/p>\n<p>Franz Zimmermann<\/p>\n<p>Gebhard Bitsch<\/p>\n<p>Alfred Huber<\/p>\n<p>Matthias B\u00f6rsig<\/p>\n<p>Thomas Schmitt<\/p>\n<p>Rochus Maier<\/p>\n<p>Jens Sch\u00f6nthaler<\/p>\n<p>J\u00f6rg Huber<\/p>\n<\/div>\n<div class=\"col nomargin\">\n<p>1952 \u2013 1966<\/p>\n<p>1967 \u2013 1971<\/p>\n<p>1972 \u2013 1982<\/p>\n<p>1983 \u2013 1984<\/p>\n<p>1985 \u2013 1989<\/p>\n<p>1990<\/p>\n<p>1991 \u2013 1995<\/p>\n<p>1996 \u2013 1997<\/p>\n<p>1998 &#8211; 2019<\/p>\n<p>2020 &#8211; 2025<\/p>\n<p>2026 &#8211; heute<\/p>\n<\/div>\n<\/div>\n<p>\n<\/div><\/div>\n<div class=\"section-full-width section-light-bg\" style=\"background-color:#ffffff;\" id=\"ehrenmitglieder\"><div class=\"section-boxed\" style=\"color:#373737;\"><h2 class=\"section-title\" style=\"color:#252525;\">Ehrenmitglieder<\/h2><\/p>\n<div class=\"cols-wrapper cols-2\">\n<div class=\"col\">\n<h3>Ehrenpr\u00e4sident<\/h3>\n<p>Heiner Keller<br \/>\nKlemens Serrer<\/p>\n<h3>Ehrenmitglieder<\/h3>\n<p>Horst Egger<br \/>\nGudrun Keller<br \/>\nWaltraut Huber<br \/>\nRosalinde Huber<br \/>\nErich Huber \u201eStorch\u201c<br \/>\nG\u00fcnther Huber \u201eKaspar\u201c<br \/>\nMarkus M\u00fcller<br \/>\nThomas Huber (M\u00e4sle)<\/p>\n<h3>Ehrenr\u00e4te ab 2007<\/h3>\n<p>Heiner Keller<br \/>\nHorst Eggert<br \/>\nGerd Speck<br \/>\nManfred Huber (Leo)<br \/>\nBerthold Spinner (Schwarzwald Akustik)<br \/>\nHuber G\u00fcnther (Kaspar)<br \/>\nHuber Erich (Storch)<br \/>\nHuber Thomas (Schlosser)<br \/>\nMario Fantoli (Fante)<br \/>\nKarl Ludwig Korneli (Kalu)<br \/>\nWolfgang Gutmann<br \/>\nClaudius Serrer<\/p>\n<\/div>\n<div class=\"col nomargin\">\n<h3>Jahr<\/h3>\n<p>seit 2001<br \/>\nseit 2023<\/p>\n<h3>Jahr<\/h3>\n<p>seit 2004<br \/>\nseit 2010<br \/>\nseit 2010<br \/>\nseit 2010<br \/>\nseit 2010<br \/>\nseit 2010<br \/>\nseit 2023<br \/>\nseit 2023<\/p>\n<\/div>\n<\/div>\n<div class=\"cols-wrapper cols-3\">\n<div class=\"col\">\n<p><img decoding=\"async\" class=\"img-frame alignleft\" src=\"https:\/\/www.peterstaler-narrenzunft.de\/wp-content\/uploads\/2014\/11\/80er-Jahre_Peterstaler-Narrenzunft_066.jpg\" alt=\"\" width=\"300\" \/><\/p>\n<\/div>\n<div class=\"col\">\n<p><img decoding=\"async\" class=\"img-frame aligncenter\" src=\"https:\/\/www.peterstaler-narrenzunft.de\/wp-content\/uploads\/2014\/11\/90er-Jahre_Peterstaler-Narrenzunft_012.jpg\" alt=\"\" width=\"300\" \/><\/p>\n<\/div>\n<div class=\"col nomargin\">\n<p><img decoding=\"async\" class=\"img-frame alignright\" src=\"https:\/\/www.peterstaler-narrenzunft.de\/wp-content\/uploads\/2014\/11\/80er-Jahre_Peterstaler-Narrenzunft_051.jpg\" alt=\"\" width=\"300\" \/><\/p>\n<\/div>\n<\/div>\n<p>\n<\/div><\/div>\n<div class=\"section-full-width section-light-bg\" style=\"background-color:#ffffff;\" id=\"narrenzepter\"><div class=\"section-boxed\" style=\"color:#373737;\"><h2 class=\"section-title\" style=\"color:#252525;\">Narrenzepter<\/h2><p><img decoding=\"async\" class=\"img-frame alignleft\" src=\"https:\/\/www.peterstaler-narrenzunft.de\/wp-content\/uploads\/2014\/09\/Narrenzepter.jpg\" alt=\"\" width=\"220\" \/>Unser Narrenzepter gibt es seit 1952, damals stellte es noch <strong>\u201eTill Eulenspiegel\u201c<\/strong> dar und diente unserem Prinzen Karneval als Zeichen seiner Macht. Ihm wurden noch zwei Pagen zur Seite gestellt. Nach Gr\u00fcndung der Peterstaler Narrenzunft 1960 wurde das Narrenzepter \u00fcberarbeitet und zeigt bis heute unsere <strong>\u201eQuellen-Fee\u201c<\/strong> Es dient unserem Zunftmeister, dem Nachfolger des Prinzen Karneval, bei all seinen Auf-tritten. Au\u00dferdem geh\u00f6ren zu seinen Utensilien die Amtskette und ein Umhang. Das Narrenzepter ist eine geschnitzte Frauenb\u00fcste auf einem integrierten Holzstab. Seitlich sind Stoffb\u00e4ndel angebracht. Sie sind in den Farben der Peterstaler Narrenzunft (gr\u00fcn\/gelb) und der badischen Farben (gelb\/rot) gehalten. Ebenso befinden sich noch kleine silber-gl\u00e4nzende Gl\u00f6ckchen unterhalb der Figur.<\/p>\n<\/div><\/div>\n<div class=\"section-full-width section-light-bg\" style=\"background-color:#ffffff;\" id=\"narrenbrunnen\"><div class=\"section-boxed\" style=\"color:#373737;\"><h2 class=\"section-title\" style=\"color:#252525;\">Narrenbrunnen<\/h2><p><img decoding=\"async\" class=\"img-frame alignleft\" src=\"https:\/\/www.peterstaler-narrenzunft.de\/wp-content\/uploads\/2014\/09\/Narrenbrunnen.jpg\" alt=\"\" width=\"450\" \/>Ausgang des n\u00e4rrischen Treibens bildet ein 1997 erbauter Narrenbrunnen. Der vom Architekten-Ehepaar Speck gestaltete Brunnen ist ein in Edelstahl gefasster Blickfang im Ortskern von Bad Peterstal. Das Fundament des Brunnens ist mit Pflastersteinen gemauert. Innerhalb des Brunnens befinden sich Strahler, welche die Edelstahlfiguren beleuchten.<\/p>\n<p><strong>Folgende Figuren der Peterstaler Fasent sind darauf lebensgro\u00df dargestellt:<\/strong><\/p>\n<ul class=\"bullet_arrow4 imglist\">\n<li style=\"padding-left: 90px;\">Peterstaler Hexen e.V.<\/li>\n<li style=\"padding-left: 90px;\">Ilwedritsche Bad Peterstal e.V.<\/li>\n<li style=\"padding-left: 90px;\">Quellegeister Bad Peterstal e.V.<\/li>\n<li style=\"padding-left: 90px;\">Hagek\u00e4therle Bad Peterstal e.V.<\/li>\n<\/ul>\n<p>\n<\/div><\/div>\n","protected":false},"excerpt":{"rendered":"","protected":false},"author":1,"featured_media":0,"parent":0,"menu_order":0,"comment_status":"open","ping_status":"open","template":"","meta":{"footnotes":""},"class_list":["post-14","page","type-page","status-publish","hentry"],"_links":{"self":[{"href":"https:\/\/www.peterstaler-narrenzunft.de\/index.php?rest_route=\/wp\/v2\/pages\/14","targetHints":{"allow":["GET"]}}],"collection":[{"href":"https:\/\/www.peterstaler-narrenzunft.de\/index.php?rest_route=\/wp\/v2\/pages"}],"about":[{"href":"https:\/\/www.peterstaler-narrenzunft.de\/index.php?rest_route=\/wp\/v2\/types\/page"}],"author":[{"embeddable":true,"href":"https:\/\/www.peterstaler-narrenzunft.de\/index.php?rest_route=\/wp\/v2\/users\/1"}],"replies":[{"embeddable":true,"href":"https:\/\/www.peterstaler-narrenzunft.de\/index.php?rest_route=%2Fwp%2Fv2%2Fcomments&post=14"}],"version-history":[{"count":110,"href":"https:\/\/www.peterstaler-narrenzunft.de\/index.php?rest_route=\/wp\/v2\/pages\/14\/revisions"}],"predecessor-version":[{"id":2664,"href":"https:\/\/www.peterstaler-narrenzunft.de\/index.php?rest_route=\/wp\/v2\/pages\/14\/revisions\/2664"}],"wp:attachment":[{"href":"https:\/\/www.peterstaler-narrenzunft.de\/index.php?rest_route=%2Fwp%2Fv2%2Fmedia&parent=14"}],"curies":[{"name":"wp","href":"https:\/\/api.w.org\/{rel}","templated":true}]}}